{"id":979,"date":"2025-01-23T10:58:25","date_gmt":"2025-01-23T10:58:25","guid":{"rendered":"https:\/\/glowfarma.spotmarket.pt\/?page_id=979"},"modified":"2025-01-23T13:03:09","modified_gmt":"2025-01-23T13:03:09","slug":"promocoes","status":"publish","type":"page","link":"https:\/\/glowfarma.spotmarket.pt\/en\/promocoes","title":{"rendered":"Promo\u00e7\u00f5es"},"content":{"rendered":"\t\t<div data-elementor-type=\"wp-page\" data-elementor-id=\"979\" class=\"elementor elementor-979\" data-elementor-post-type=\"page\">\n\t\t\t\t<div class=\"elementor-element elementor-element-da0107f e-flex e-con-boxed e-con e-parent\" data-id=\"da0107f\" data-element_type=\"container\">\n\t\t\t\t\t<div class=\"e-con-inner\">\n\t\t\t\t<div class=\"elementor-element elementor-element-e54a114 elementor-widget elementor-widget-breadcrumbs\" data-id=\"e54a114\" data-element_type=\"widget\" data-widget_type=\"breadcrumbs.default\">\n\t\t\t\t<div class=\"elementor-widget-container\">\n\t\t\t\t\t<p id=\"breadcrumbs\"><span><span><a href=\"https:\/\/glowfarma.spotmarket.pt\/\">Home<\/a><\/span><\/span><\/p>\t\t\t\t<\/div>\n\t\t\t\t<\/div>\n\t\t\t\t\t<\/div>\n\t\t\t\t<\/div>\n\t\t<div class=\"elementor-element elementor-element-9ca2e11 slider-container e-flex e-con-boxed e-con e-parent\" data-id=\"9ca2e11\" data-element_type=\"container\">\n\t\t\t\t\t<div class=\"e-con-inner\">\n\t\t\t\t<div class=\"elementor-element elementor-element-7c8c742 elementor-widget-mobile__width-initial elementor-widget elementor-widget-heading\" data-id=\"7c8c742\" data-element_type=\"widget\" data-widget_type=\"heading.default\">\n\t\t\t\t<div class=\"elementor-widget-container\">\n\t\t\t\t\t<h1 class=\"elementor-heading-title elementor-size-default\">Promo\u00e7\u00f5es<\/h1>\t\t\t\t<\/div>\n\t\t\t\t<\/div>\n\t\t\t\t\t<\/div>\n\t\t\t\t<\/div>\n\t\t<div class=\"elementor-element elementor-element-6eb1af2 e-flex e-con-boxed e-con e-parent\" data-id=\"6eb1af2\" data-element_type=\"container\">\n\t\t\t\t\t<div class=\"e-con-inner\">\n\t\t<div class=\"elementor-element elementor-element-2265e97 e-con-full e-flex e-con e-child\" data-id=\"2265e97\" data-element_type=\"container\">\n\t\t\t\t<div class=\"elementor-element elementor-element-2ef2f55 elementor-widget elementor-widget-image\" data-id=\"2ef2f55\" data-element_type=\"widget\" data-widget_type=\"image.default\">\n\t\t\t\t<div class=\"elementor-widget-container\">\n\t\t\t\t\t\t\t\t\t\t\t\t\t\t\t<img fetchpriority=\"high\" decoding=\"async\" width=\"603\" height=\"277\" src=\"https:\/\/glowfarma.spotmarket.pt\/wp-content\/uploads\/2025\/01\/Group-41.jpg\" class=\"attachment-full size-full wp-image-582\" alt=\"\" srcset=\"https:\/\/glowfarma.spotmarket.pt\/wp-content\/uploads\/2025\/01\/Group-41.jpg 603w, https:\/\/glowfarma.spotmarket.pt\/wp-content\/uploads\/2025\/01\/Group-41-300x138.jpg 300w, https:\/\/glowfarma.spotmarket.pt\/wp-content\/uploads\/2025\/01\/Group-41-600x276.jpg 600w\" sizes=\"(max-width: 603px) 100vw, 603px\" \/>\t\t\t\t\t\t\t\t\t\t\t\t\t\t\t<\/div>\n\t\t\t\t<\/div>\n\t\t\t\t<\/div>\n\t\t<div class=\"elementor-element elementor-element-11654a7 e-con-full e-flex e-con e-child\" data-id=\"11654a7\" data-element_type=\"container\">\n\t\t\t\t<div class=\"elementor-element elementor-element-c2c0c65 elementor-widget elementor-widget-image\" data-id=\"c2c0c65\" data-element_type=\"widget\" data-widget_type=\"image.default\">\n\t\t\t\t<div class=\"elementor-widget-container\">\n\t\t\t\t\t\t\t\t\t\t\t\t\t\t\t<img decoding=\"async\" width=\"603\" height=\"277\" src=\"https:\/\/glowfarma.spotmarket.pt\/wp-content\/uploads\/2025\/01\/Group-40.jpg\" class=\"attachment-full size-full wp-image-581\" alt=\"\" srcset=\"https:\/\/glowfarma.spotmarket.pt\/wp-content\/uploads\/2025\/01\/Group-40.jpg 603w, https:\/\/glowfarma.spotmarket.pt\/wp-content\/uploads\/2025\/01\/Group-40-300x138.jpg 300w, https:\/\/glowfarma.spotmarket.pt\/wp-content\/uploads\/2025\/01\/Group-40-600x276.jpg 600w\" sizes=\"(max-width: 603px) 100vw, 603px\" \/>\t\t\t\t\t\t\t\t\t\t\t\t\t\t\t<\/div>\n\t\t\t\t<\/div>\n\t\t\t\t<\/div>\n\t\t\t\t\t<\/div>\n\t\t\t\t<\/div>\n\t\t<div class=\"elementor-element elementor-element-e7bfb0d e-flex e-con-boxed e-con e-parent\" data-id=\"e7bfb0d\" data-element_type=\"container\">\n\t\t\t\t\t<div class=\"e-con-inner\">\n\t\t<div class=\"elementor-element elementor-element-c72f461 e-con-full e-flex e-con e-child\" data-id=\"c72f461\" data-element_type=\"container\">\n\t\t\t\t<div class=\"elementor-element elementor-element-2258780 elementor-widget elementor-widget-image\" data-id=\"2258780\" data-element_type=\"widget\" data-widget_type=\"image.default\">\n\t\t\t\t<div class=\"elementor-widget-container\">\n\t\t\t\t\t\t\t\t\t\t\t\t\t\t\t<img decoding=\"async\" width=\"603\" height=\"277\" src=\"https:\/\/glowfarma.spotmarket.pt\/wp-content\/uploads\/2025\/01\/Group-40.jpg\" class=\"attachment-full size-full wp-image-581\" alt=\"\" srcset=\"https:\/\/glowfarma.spotmarket.pt\/wp-content\/uploads\/2025\/01\/Group-40.jpg 603w, https:\/\/glowfarma.spotmarket.pt\/wp-content\/uploads\/2025\/01\/Group-40-300x138.jpg 300w, https:\/\/glowfarma.spotmarket.pt\/wp-content\/uploads\/2025\/01\/Group-40-600x276.jpg 600w\" sizes=\"(max-width: 603px) 100vw, 603px\" \/>\t\t\t\t\t\t\t\t\t\t\t\t\t\t\t<\/div>\n\t\t\t\t<\/div>\n\t\t\t\t<\/div>\n\t\t<div class=\"elementor-element elementor-element-67e6530 e-con-full e-flex e-con e-child\" data-id=\"67e6530\" data-element_type=\"container\">\n\t\t\t\t<div class=\"elementor-element elementor-element-d32f732 elementor-widget elementor-widget-image\" data-id=\"d32f732\" data-element_type=\"widget\" data-widget_type=\"image.default\">\n\t\t\t\t<div class=\"elementor-widget-container\">\n\t\t\t\t\t\t\t\t\t\t\t\t\t\t\t<img fetchpriority=\"high\" decoding=\"async\" width=\"603\" height=\"277\" src=\"https:\/\/glowfarma.spotmarket.pt\/wp-content\/uploads\/2025\/01\/Group-41.jpg\" class=\"attachment-full size-full wp-image-582\" alt=\"\" srcset=\"https:\/\/glowfarma.spotmarket.pt\/wp-content\/uploads\/2025\/01\/Group-41.jpg 603w, https:\/\/glowfarma.spotmarket.pt\/wp-content\/uploads\/2025\/01\/Group-41-300x138.jpg 300w, https:\/\/glowfarma.spotmarket.pt\/wp-content\/uploads\/2025\/01\/Group-41-600x276.jpg 600w\" sizes=\"(max-width: 603px) 100vw, 603px\" \/>\t\t\t\t\t\t\t\t\t\t\t\t\t\t\t<\/div>\n\t\t\t\t<\/div>\n\t\t\t\t<\/div>\n\t\t\t\t\t<\/div>\n\t\t\t\t<\/div>\n\t\t<div class=\"elementor-element elementor-element-386a486 e-flex e-con-boxed e-con e-parent\" data-id=\"386a486\" data-element_type=\"container\">\n\t\t\t\t\t<div class=\"e-con-inner\">\n\t\t\t\t<div class=\"elementor-element elementor-element-9ea73ee elementor-align-center elementor-widget__width-inherit elementor-widget elementor-widget-button\" data-id=\"9ea73ee\" data-element_type=\"widget\" data-widget_type=\"button.default\">\n\t\t\t\t<div class=\"elementor-widget-container\">\n\t\t\t\t\t\t\t\t\t<div class=\"elementor-button-wrapper\">\n\t\t\t\t\t<a class=\"elementor-button elementor-button-link elementor-size-sm\" href=\"#\">\n\t\t\t\t\t\t<span class=\"elementor-button-content-wrapper\">\n\t\t\t\t\t\t\t\t\t<span class=\"elementor-button-text\">Ver todas as promo\u00e7\u00f5es<\/span>\n\t\t\t\t\t<\/span>\n\t\t\t\t\t<\/a>\n\t\t\t\t<\/div>\n\t\t\t\t\t\t\t\t<\/div>\n\t\t\t\t<\/div>\n\t\t\t\t\t<\/div>\n\t\t\t\t<\/div>\n\t\t<div class=\"elementor-element elementor-element-138ae04 slider-container e-flex e-con-boxed e-con e-parent\" data-id=\"138ae04\" data-element_type=\"container\">\n\t\t\t\t\t<div class=\"e-con-inner\">\n\t\t\t\t<div class=\"elementor-element elementor-element-ca1a2cc elementor-widget-mobile__width-initial elementor-widget elementor-widget-heading\" data-id=\"ca1a2cc\" data-element_type=\"widget\" data-widget_type=\"heading.default\">\n\t\t\t\t<div class=\"elementor-widget-container\">\n\t\t\t\t\t<h2 class=\"elementor-heading-title elementor-size-default\">Outras promo\u00e7\u00f5es <\/h2>\t\t\t\t<\/div>\n\t\t\t\t<\/div>\n\t\t\t\t\t<\/div>\n\t\t\t\t<\/div>\n\t\t<div class=\"elementor-element elementor-element-d42714e e-flex e-con-boxed e-con e-parent\" data-id=\"d42714e\" data-element_type=\"container\">\n\t\t\t\t\t<div class=\"e-con-inner\">\n\t\t<div class=\"elementor-element elementor-element-900aa3f e-con-full e-flex e-con e-child\" data-id=\"900aa3f\" data-element_type=\"container\">\n\t\t\t\t<div class=\"elementor-element elementor-element-a87bbec elementor-widget elementor-widget-heading\" data-id=\"a87bbec\" data-element_type=\"widget\" data-widget_type=\"heading.default\">\n\t\t\t\t<div class=\"elementor-widget-container\">\n\t\t\t\t\t<div class=\"elementor-heading-title elementor-size-default\">Campanha Biretix Spray<\/div>\t\t\t\t<\/div>\n\t\t\t\t<\/div>\n\t\t\t\t<div class=\"elementor-element elementor-element-aa291a5 elementor-widget elementor-widget-heading\" data-id=\"aa291a5\" data-element_type=\"widget\" data-widget_type=\"heading.default\">\n\t\t\t\t<div class=\"elementor-widget-container\">\n\t\t\t\t\t<div class=\"elementor-heading-title elementor-size-default\">30% OFF no produto<\/div>\t\t\t\t<\/div>\n\t\t\t\t<\/div>\n\t\t\t\t<div class=\"elementor-element elementor-element-45b0682 elementor-widget elementor-widget-heading\" data-id=\"45b0682\" data-element_type=\"widget\" data-widget_type=\"heading.default\">\n\t\t\t\t<div class=\"elementor-widget-container\">\n\t\t\t\t\t<div class=\"elementor-heading-title elementor-size-default\">Campanha v\u00e1lida de 14-05-24 at\u00e9 31-05-24<\/div>\t\t\t\t<\/div>\n\t\t\t\t<\/div>\n\t\t\t\t<div class=\"elementor-element elementor-element-a53bb82 elementor-widget elementor-widget-heading\" data-id=\"a53bb82\" data-element_type=\"widget\" data-widget_type=\"heading.default\">\n\t\t\t\t<div class=\"elementor-widget-container\">\n\t\t\t\t\t<div class=\"elementor-heading-title elementor-size-default\">VER CAMPANHA<\/div>\t\t\t\t<\/div>\n\t\t\t\t<\/div>\n\t\t\t\t<\/div>\n\t\t<div class=\"elementor-element elementor-element-665da2d e-con-full e-flex e-con e-child\" data-id=\"665da2d\" data-element_type=\"container\">\n\t\t\t\t<div class=\"elementor-element elementor-element-dd3dbef elementor-widget elementor-widget-heading\" data-id=\"dd3dbef\" data-element_type=\"widget\" data-widget_type=\"heading.default\">\n\t\t\t\t<div class=\"elementor-widget-container\">\n\t\t\t\t\t<div class=\"elementor-heading-title elementor-size-default\">Campanha Psyllogel\u200b<\/div>\t\t\t\t<\/div>\n\t\t\t\t<\/div>\n\t\t\t\t<div class=\"elementor-element elementor-element-80bf027 elementor-widget elementor-widget-heading\" data-id=\"80bf027\" data-element_type=\"widget\" data-widget_type=\"heading.default\">\n\t\t\t\t<div class=\"elementor-widget-container\">\n\t\t\t\t\t<div class=\"elementor-heading-title elementor-size-default\">Na compra de uma embalagem oferta de garrafa de 500ml<\/div>\t\t\t\t<\/div>\n\t\t\t\t<\/div>\n\t\t\t\t<div class=\"elementor-element elementor-element-3c0480e elementor-widget elementor-widget-heading\" data-id=\"3c0480e\" data-element_type=\"widget\" data-widget_type=\"heading.default\">\n\t\t\t\t<div class=\"elementor-widget-container\">\n\t\t\t\t\t<div class=\"elementor-heading-title elementor-size-default\">Campanha v\u00e1lida de 14-05-24 at\u00e9 31-05-24<\/div>\t\t\t\t<\/div>\n\t\t\t\t<\/div>\n\t\t\t\t<div class=\"elementor-element elementor-element-c96a5cb elementor-widget elementor-widget-heading\" data-id=\"c96a5cb\" data-element_type=\"widget\" data-widget_type=\"heading.default\">\n\t\t\t\t<div class=\"elementor-widget-container\">\n\t\t\t\t\t<div class=\"elementor-heading-title elementor-size-default\">VER CAMPANHA<\/div>\t\t\t\t<\/div>\n\t\t\t\t<\/div>\n\t\t\t\t<\/div>\n\t\t<div class=\"elementor-element elementor-element-17917e2 e-con-full e-flex e-con e-child\" data-id=\"17917e2\" data-element_type=\"container\">\n\t\t\t\t<div class=\"elementor-element elementor-element-f1a7d25 elementor-widget elementor-widget-heading\" data-id=\"f1a7d25\" data-element_type=\"widget\" data-widget_type=\"heading.default\">\n\t\t\t\t<div class=\"elementor-widget-container\">\n\t\t\t\t\t<div class=\"elementor-heading-title elementor-size-default\">Neutrogena (oferta)<\/div>\t\t\t\t<\/div>\n\t\t\t\t<\/div>\n\t\t\t\t<div class=\"elementor-element elementor-element-69dc111 elementor-widget elementor-widget-heading\" data-id=\"69dc111\" data-element_type=\"widget\" data-widget_type=\"heading.default\">\n\t\t\t\t<div class=\"elementor-widget-container\">\n\t\t\t\t\t<div class=\"elementor-heading-title elementor-size-default\">Na compra de 2 produtos oferta de esfoliante<\/div>\t\t\t\t<\/div>\n\t\t\t\t<\/div>\n\t\t\t\t<div class=\"elementor-element elementor-element-7d267fc elementor-widget elementor-widget-heading\" data-id=\"7d267fc\" data-element_type=\"widget\" data-widget_type=\"heading.default\">\n\t\t\t\t<div class=\"elementor-widget-container\">\n\t\t\t\t\t<div class=\"elementor-heading-title elementor-size-default\">Campanha v\u00e1lida de 14-05-24 at\u00e9 31-05-24<\/div>\t\t\t\t<\/div>\n\t\t\t\t<\/div>\n\t\t\t\t<div class=\"elementor-element elementor-element-21d3786 elementor-widget elementor-widget-heading\" data-id=\"21d3786\" data-element_type=\"widget\" data-widget_type=\"heading.default\">\n\t\t\t\t<div class=\"elementor-widget-container\">\n\t\t\t\t\t<div class=\"elementor-heading-title elementor-size-default\">VER CAMPANHA<\/div>\t\t\t\t<\/div>\n\t\t\t\t<\/div>\n\t\t\t\t<\/div>\n\t\t\t\t\t<\/div>\n\t\t\t\t<\/div>\n\t\t<div class=\"elementor-element elementor-element-d6cabb9 e-flex e-con-boxed e-con e-parent\" data-id=\"d6cabb9\" data-element_type=\"container\">\n\t\t\t\t\t<div class=\"e-con-inner\">\n\t\t\t\t<div class=\"elementor-element elementor-element-f61b185 elementor-align-center elementor-widget__width-inherit elementor-widget elementor-widget-button\" data-id=\"f61b185\" data-element_type=\"widget\" data-widget_type=\"button.default\">\n\t\t\t\t<div class=\"elementor-widget-container\">\n\t\t\t\t\t\t\t\t\t<div class=\"elementor-button-wrapper\">\n\t\t\t\t\t<a class=\"elementor-button elementor-button-link elementor-size-sm\" href=\"#\">\n\t\t\t\t\t\t<span class=\"elementor-button-content-wrapper\">\n\t\t\t\t\t\t\t\t\t<span class=\"elementor-button-text\">Ver todas as promo\u00e7\u00f5es<\/span>\n\t\t\t\t\t<\/span>\n\t\t\t\t\t<\/a>\n\t\t\t\t<\/div>\n\t\t\t\t\t\t\t\t<\/div>\n\t\t\t\t<\/div>\n\t\t\t\t\t<\/div>\n\t\t\t\t<\/div>\n\t\t\t\t<\/div>\n\t\t","protected":false},"excerpt":{"rendered":"<p>Promo\u00e7\u00f5es Ver todas as promo\u00e7\u00f5es Outras promo\u00e7\u00f5es Campanha Biretix Spray 30% OFF no produto Campanha v\u00e1lida de 14-05-24 at\u00e9 31-05-24 VER CAMPANHA Campanha Psyllogel\u200b Na compra de uma embalagem oferta de garrafa de 500ml Campanha v\u00e1lida de 14-05-24 at\u00e9 31-05-24 VER CAMPANHA Neutrogena (oferta) Na compra de 2 produtos oferta de esfoliante Campanha v\u00e1lida de [&hellip;]<\/p>\n","protected":false},"author":1,"featured_media":0,"parent":0,"menu_order":0,"comment_status":"closed","ping_status":"closed","template":"","meta":{"_acf_changed":false,"inline_featured_image":false,"footnotes":""},"class_list":["post-979","page","type-page","status-publish","hentry"],"acf":[],"yoast_head":"<!-- This site is optimized with the Yoast SEO plugin v24.2 - https:\/\/yoast.com\/wordpress\/plugins\/seo\/ -->\n<title>Promo\u00e7\u00f5es - Glowfarma<\/title>\n<meta name=\"robots\" content=\"noindex, follow, max-snippet:-1, max-image-preview:large, max-video-preview:-1\" \/>\n<meta property=\"og:locale\" content=\"en_US\" \/>\n<meta property=\"og:type\" content=\"article\" \/>\n<meta property=\"og:title\" content=\"Promo\u00e7\u00f5es - Glowfarma\" \/>\n<meta property=\"og:description\" content=\"Promo\u00e7\u00f5es Ver todas as promo\u00e7\u00f5es Outras promo\u00e7\u00f5es Campanha Biretix Spray 30% OFF no produto Campanha v\u00e1lida de 14-05-24 at\u00e9 31-05-24 VER CAMPANHA Campanha Psyllogel\u200b Na compra de uma embalagem oferta de garrafa de 500ml Campanha v\u00e1lida de 14-05-24 at\u00e9 31-05-24 VER CAMPANHA Neutrogena (oferta) Na compra de 2 produtos oferta de esfoliante Campanha v\u00e1lida de [&hellip;]\" \/>\n<meta property=\"og:url\" content=\"https:\/\/glowfarma.spotmarket.pt\/promocoes\" \/>\n<meta property=\"og:site_name\" content=\"Glowfarma\" \/>\n<meta property=\"article:modified_time\" content=\"2025-01-23T13:03:09+00:00\" \/>\n<meta property=\"og:image\" content=\"https:\/\/glowfarma.spotmarket.pt\/wp-content\/uploads\/2025\/01\/Group-41.jpg\" \/>\n\t<meta property=\"og:image:width\" content=\"603\" \/>\n\t<meta property=\"og:image:height\" content=\"277\" \/>\n\t<meta property=\"og:image:type\" content=\"image\/jpeg\" \/>\n<meta name=\"twitter:card\" content=\"summary_large_image\" \/>\n<meta name=\"twitter:label1\" content=\"Est. reading time\" \/>\n\t<meta name=\"twitter:data1\" content=\"2 minutes\" \/>\n<script type=\"application\/ld+json\" class=\"yoast-schema-graph\">{\"@context\":\"https:\/\/schema.org\",\"@graph\":[{\"@type\":\"WebPage\",\"@id\":\"https:\/\/glowfarma.spotmarket.pt\/promocoes\",\"url\":\"https:\/\/glowfarma.spotmarket.pt\/promocoes\",\"name\":\"Promo\u00e7\u00f5es - Glowfarma\",\"isPartOf\":{\"@id\":\"https:\/\/glowfarma.spotmarket.pt\/#website\"},\"primaryImageOfPage\":{\"@id\":\"https:\/\/glowfarma.spotmarket.pt\/promocoes#primaryimage\"},\"image\":{\"@id\":\"https:\/\/glowfarma.spotmarket.pt\/promocoes#primaryimage\"},\"thumbnailUrl\":\"https:\/\/glowfarma.spotmarket.pt\/wp-content\/uploads\/2025\/01\/Group-41.jpg\",\"datePublished\":\"2025-01-23T10:58:25+00:00\",\"dateModified\":\"2025-01-23T13:03:09+00:00\",\"breadcrumb\":{\"@id\":\"https:\/\/glowfarma.spotmarket.pt\/promocoes#breadcrumb\"},\"inLanguage\":\"en-US\",\"potentialAction\":[{\"@type\":\"ReadAction\",\"target\":[\"https:\/\/glowfarma.spotmarket.pt\/promocoes\"]}]},{\"@type\":\"ImageObject\",\"inLanguage\":\"en-US\",\"@id\":\"https:\/\/glowfarma.spotmarket.pt\/promocoes#primaryimage\",\"url\":\"https:\/\/glowfarma.spotmarket.pt\/wp-content\/uploads\/2025\/01\/Group-41.jpg\",\"contentUrl\":\"https:\/\/glowfarma.spotmarket.pt\/wp-content\/uploads\/2025\/01\/Group-41.jpg\"},{\"@type\":\"BreadcrumbList\",\"@id\":\"https:\/\/glowfarma.spotmarket.pt\/promocoes#breadcrumb\",\"itemListElement\":[{\"@type\":\"ListItem\",\"position\":1,\"name\":\"Home\",\"item\":\"https:\/\/glowfarma.spotmarket.pt\/\"},{\"@type\":\"ListItem\",\"position\":2,\"name\":\"Promo\u00e7\u00f5es\"}]},{\"@type\":\"WebSite\",\"@id\":\"https:\/\/glowfarma.spotmarket.pt\/#website\",\"url\":\"https:\/\/glowfarma.spotmarket.pt\/\",\"name\":\"Glowfarma\",\"description\":\"\",\"publisher\":{\"@id\":\"https:\/\/glowfarma.spotmarket.pt\/#organization\"},\"potentialAction\":[{\"@type\":\"SearchAction\",\"target\":{\"@type\":\"EntryPoint\",\"urlTemplate\":\"https:\/\/glowfarma.spotmarket.pt\/?s={search_term_string}\"},\"query-input\":{\"@type\":\"PropertyValueSpecification\",\"valueRequired\":true,\"valueName\":\"search_term_string\"}}],\"inLanguage\":\"en-US\"},{\"@type\":\"Organization\",\"@id\":\"https:\/\/glowfarma.spotmarket.pt\/#organization\",\"name\":\"Glowfarma\",\"url\":\"https:\/\/glowfarma.spotmarket.pt\/\",\"logo\":{\"@type\":\"ImageObject\",\"inLanguage\":\"en-US\",\"@id\":\"https:\/\/glowfarma.spotmarket.pt\/#\/schema\/logo\/image\/\",\"url\":\"https:\/\/glowfarma.spotmarket.pt\/wp-content\/uploads\/2025\/01\/Glowfarma_logo_cores-1.svg\",\"contentUrl\":\"https:\/\/glowfarma.spotmarket.pt\/wp-content\/uploads\/2025\/01\/Glowfarma_logo_cores-1.svg\",\"width\":286,\"height\":29,\"caption\":\"Glowfarma\"},\"image\":{\"@id\":\"https:\/\/glowfarma.spotmarket.pt\/#\/schema\/logo\/image\/\"}}]}<\/script>\n<!-- \/ Yoast SEO plugin. -->","yoast_head_json":{"title":"Promo\u00e7\u00f5es - Glowfarma","robots":{"index":"noindex","follow":"follow","max-snippet":"max-snippet:-1","max-image-preview":"max-image-preview:large","max-video-preview":"max-video-preview:-1"},"og_locale":"en_US","og_type":"article","og_title":"Promo\u00e7\u00f5es - Glowfarma","og_description":"Promo\u00e7\u00f5es Ver todas as promo\u00e7\u00f5es Outras promo\u00e7\u00f5es Campanha Biretix Spray 30% OFF no produto Campanha v\u00e1lida de 14-05-24 at\u00e9 31-05-24 VER CAMPANHA Campanha Psyllogel\u200b Na compra de uma embalagem oferta de garrafa de 500ml Campanha v\u00e1lida de 14-05-24 at\u00e9 31-05-24 VER CAMPANHA Neutrogena (oferta) Na compra de 2 produtos oferta de esfoliante Campanha v\u00e1lida de [&hellip;]","og_url":"https:\/\/glowfarma.spotmarket.pt\/promocoes","og_site_name":"Glowfarma","article_modified_time":"2025-01-23T13:03:09+00:00","og_image":[{"width":603,"height":277,"url":"https:\/\/glowfarma.spotmarket.pt\/wp-content\/uploads\/2025\/01\/Group-41.jpg","type":"image\/jpeg"}],"twitter_card":"summary_large_image","twitter_misc":{"Est. reading time":"2 minutes"},"schema":{"@context":"https:\/\/schema.org","@graph":[{"@type":"WebPage","@id":"https:\/\/glowfarma.spotmarket.pt\/promocoes","url":"https:\/\/glowfarma.spotmarket.pt\/promocoes","name":"Promo\u00e7\u00f5es - Glowfarma","isPartOf":{"@id":"https:\/\/glowfarma.spotmarket.pt\/#website"},"primaryImageOfPage":{"@id":"https:\/\/glowfarma.spotmarket.pt\/promocoes#primaryimage"},"image":{"@id":"https:\/\/glowfarma.spotmarket.pt\/promocoes#primaryimage"},"thumbnailUrl":"https:\/\/glowfarma.spotmarket.pt\/wp-content\/uploads\/2025\/01\/Group-41.jpg","datePublished":"2025-01-23T10:58:25+00:00","dateModified":"2025-01-23T13:03:09+00:00","breadcrumb":{"@id":"https:\/\/glowfarma.spotmarket.pt\/promocoes#breadcrumb"},"inLanguage":"en-US","potentialAction":[{"@type":"ReadAction","target":["https:\/\/glowfarma.spotmarket.pt\/promocoes"]}]},{"@type":"ImageObject","inLanguage":"en-US","@id":"https:\/\/glowfarma.spotmarket.pt\/promocoes#primaryimage","url":"https:\/\/glowfarma.spotmarket.pt\/wp-content\/uploads\/2025\/01\/Group-41.jpg","contentUrl":"https:\/\/glowfarma.spotmarket.pt\/wp-content\/uploads\/2025\/01\/Group-41.jpg"},{"@type":"BreadcrumbList","@id":"https:\/\/glowfarma.spotmarket.pt\/promocoes#breadcrumb","itemListElement":[{"@type":"ListItem","position":1,"name":"Home","item":"https:\/\/glowfarma.spotmarket.pt\/"},{"@type":"ListItem","position":2,"name":"Promo\u00e7\u00f5es"}]},{"@type":"WebSite","@id":"https:\/\/glowfarma.spotmarket.pt\/#website","url":"https:\/\/glowfarma.spotmarket.pt\/","name":"Glowfarma","description":"","publisher":{"@id":"https:\/\/glowfarma.spotmarket.pt\/#organization"},"potentialAction":[{"@type":"SearchAction","target":{"@type":"EntryPoint","urlTemplate":"https:\/\/glowfarma.spotmarket.pt\/?s={search_term_string}"},"query-input":{"@type":"PropertyValueSpecification","valueRequired":true,"valueName":"search_term_string"}}],"inLanguage":"en-US"},{"@type":"Organization","@id":"https:\/\/glowfarma.spotmarket.pt\/#organization","name":"Glowfarma","url":"https:\/\/glowfarma.spotmarket.pt\/","logo":{"@type":"ImageObject","inLanguage":"en-US","@id":"https:\/\/glowfarma.spotmarket.pt\/#\/schema\/logo\/image\/","url":"https:\/\/glowfarma.spotmarket.pt\/wp-content\/uploads\/2025\/01\/Glowfarma_logo_cores-1.svg","contentUrl":"https:\/\/glowfarma.spotmarket.pt\/wp-content\/uploads\/2025\/01\/Glowfarma_logo_cores-1.svg","width":286,"height":29,"caption":"Glowfarma"},"image":{"@id":"https:\/\/glowfarma.spotmarket.pt\/#\/schema\/logo\/image\/"}}]}},"_links":{"self":[{"href":"https:\/\/glowfarma.spotmarket.pt\/en\/wp-json\/wp\/v2\/pages\/979","targetHints":{"allow":["GET"]}}],"collection":[{"href":"https:\/\/glowfarma.spotmarket.pt\/en\/wp-json\/wp\/v2\/pages"}],"about":[{"href":"https:\/\/glowfarma.spotmarket.pt\/en\/wp-json\/wp\/v2\/types\/page"}],"author":[{"embeddable":true,"href":"https:\/\/glowfarma.spotmarket.pt\/en\/wp-json\/wp\/v2\/users\/1"}],"replies":[{"embeddable":true,"href":"https:\/\/glowfarma.spotmarket.pt\/en\/wp-json\/wp\/v2\/comments?post=979"}],"version-history":[{"count":22,"href":"https:\/\/glowfarma.spotmarket.pt\/en\/wp-json\/wp\/v2\/pages\/979\/revisions"}],"predecessor-version":[{"id":1034,"href":"https:\/\/glowfarma.spotmarket.pt\/en\/wp-json\/wp\/v2\/pages\/979\/revisions\/1034"}],"wp:attachment":[{"href":"https:\/\/glowfarma.spotmarket.pt\/en\/wp-json\/wp\/v2\/media?parent=979"}],"curies":[{"name":"wp","href":"https:\/\/api.w.org\/{rel}","templated":true}]}}