{"id":894,"date":"2025-01-22T16:11:19","date_gmt":"2025-01-22T16:11:19","guid":{"rendered":"https:\/\/glowfarma.spotmarket.pt\/?page_id=894"},"modified":"2025-01-22T16:55:16","modified_gmt":"2025-01-22T16:55:16","slug":"criar-conta","status":"publish","type":"page","link":"https:\/\/glowfarma.spotmarket.pt\/en\/minha-conta\/criar-conta","title":{"rendered":"Criar Conta"},"content":{"rendered":"\t\t<div data-elementor-type=\"wp-page\" data-elementor-id=\"894\" class=\"elementor elementor-894\" data-elementor-post-type=\"page\">\n\t\t\t\t<div class=\"elementor-element elementor-element-5498dea e-flex e-con-boxed e-con e-parent\" data-id=\"5498dea\" data-element_type=\"container\">\n\t\t\t\t\t<div class=\"e-con-inner\">\n\t\t\t\t<div class=\"elementor-element elementor-element-1501f80 elementor-widget elementor-widget-breadcrumbs\" data-id=\"1501f80\" data-element_type=\"widget\" data-widget_type=\"breadcrumbs.default\">\n\t\t\t\t<div class=\"elementor-widget-container\">\n\t\t\t\t\t<p id=\"breadcrumbs\"><span><span><a href=\"https:\/\/glowfarma.spotmarket.pt\/\">Home<\/a><\/span><\/span><\/p>\t\t\t\t<\/div>\n\t\t\t\t<\/div>\n\t\t\t\t\t<\/div>\n\t\t\t\t<\/div>\n\t\t<div class=\"elementor-element elementor-element-f1723f6 e-con-full e-flex e-con e-parent\" data-id=\"f1723f6\" data-element_type=\"container\">\n\t\t\t\t<div class=\"elementor-element elementor-element-02abc8f elementor-widget elementor-widget-heading\" data-id=\"02abc8f\" data-element_type=\"widget\" data-widget_type=\"heading.default\">\n\t\t\t\t<div class=\"elementor-widget-container\">\n\t\t\t\t\t<h1 class=\"elementor-heading-title elementor-size-default\">Criar Conta<\/h1>\t\t\t\t<\/div>\n\t\t\t\t<\/div>\n\t\t\t\t<div class=\"elementor-element elementor-element-2b214a6 elementor-widget__width-inherit elementor-widget elementor-widget-shortcode\" data-id=\"2b214a6\" data-element_type=\"widget\" data-widget_type=\"shortcode.default\">\n\t\t\t\t<div class=\"elementor-widget-container\">\n\t\t\t\t\t\t\t<div class=\"elementor-shortcode\">    <form method=\"post\" id=\"custom-registration-form\">\n        <p>\n            <label for=\"first_name\">Nome<\/label>\n            <input type=\"text\" name=\"first_name\" id=\"first_name\" placeholder=\"*Nome\" required>\n        <\/p>\n        <p>\n            <label for=\"last_name\">Apelido<\/label>\n            <input type=\"text\" name=\"last_name\" id=\"last_name\" placeholder=\"*Apelido\"required>\n        <\/p>\n        <p>\n            <label for=\"email\">Email<\/label>\n            <input type=\"email\" name=\"email\" id=\"email\" placeholder=\"*Email\" required>\n        <\/p>\n        <p class=\"pass-container\"> \n\t\t\t<span>\n\t\t\t\t<label for=\"password\">Password<\/label>\n\t\t\t\t<input type=\"password\" name=\"password\" id=\"password\" placeholder=\"*Password\" required>\n        \t<\/span>\n       \t\t<span>\n\t\t\t\t<label for=\"repeat_password\">Repetir Password<\/label>\n\t\t\t\t<input type=\"password\" name=\"repeat_password\" id=\"repeat_password\" placeholder=\"*Repetir Password\" required>\n\t\t   \t<\/span>\n        <\/p>\n        <p>\n            <label for=\"dob\">Data de Aniver\u00e1rio<\/label>\n            <input type=\"date\" name=\"dob\" id=\"dob\" placeholder=\"Data de Aniver\u00e1rio\" required>\n        <\/p>\n        <p>\n            <label for=\"phone\">Telefone<\/label>\n            <input type=\"text\" name=\"phone\" id=\"phone\" placeholder=\"*Telefone\" required>\n        <\/p>\n\t\t<p>\n            <label class=\"campos-ob\">*Campos Obrigat\u00f3rios<\/label>\n        <\/p>\n        <p class=\"marketing\">\n            <input type=\"checkbox\" name=\"marketing\" id=\"marketing\">\n            <label for=\"marketing\">Gostaria de receber, por email, comunica\u00e7\u00f5es sobre novidades de artigos e promo\u00e7\u00f5es de produtos. <\/label>\n        <\/p>\n        <p class=\"marketing\">\n            <input type=\"checkbox\" name=\"privacy_policy\" id=\"privacy_policy\" required>\n            <label for=\"privacy_policy\"> *Ao prosseguir concorda com os nossos <a href=\"\/termos-e-condicoes\">Termos e Condi\u00e7\u00f5es<\/a> e <a href=\"\/politica-de-privacidade\">Pol\u00edtica de Privacidade<\/a>.\t\t\t<\/label>\n\n        <\/p>\n        <p>\n            <input class=\"submit\" type=\"submit\" name=\"register\" value=\"Criar Conta\">\n        <\/p>\n    <\/form>\n    <\/div>\n\t\t\t\t\t\t<\/div>\n\t\t\t\t<\/div>\n\t\t\t\t<\/div>\n\t\t\t\t<\/div>\n\t\t","protected":false},"excerpt":{"rendered":"<p>Criar Conta<\/p>\n","protected":false},"author":1,"featured_media":0,"parent":17,"menu_order":0,"comment_status":"closed","ping_status":"closed","template":"","meta":{"_acf_changed":false,"inline_featured_image":false,"footnotes":""},"class_list":["post-894","page","type-page","status-publish","hentry"],"acf":[],"yoast_head":"<!-- This site is optimized with the Yoast SEO plugin v24.2 - https:\/\/yoast.com\/wordpress\/plugins\/seo\/ -->\n<title>Criar Conta - Glowfarma<\/title>\n<meta name=\"robots\" content=\"noindex, follow, max-snippet:-1, max-image-preview:large, max-video-preview:-1\" \/>\n<meta property=\"og:locale\" content=\"en_US\" \/>\n<meta property=\"og:type\" content=\"article\" \/>\n<meta property=\"og:title\" content=\"Criar Conta - Glowfarma\" \/>\n<meta property=\"og:description\" content=\"Criar Conta\" \/>\n<meta property=\"og:url\" content=\"https:\/\/glowfarma.spotmarket.pt\/minha-conta\/criar-conta\" \/>\n<meta property=\"og:site_name\" content=\"Glowfarma\" \/>\n<meta property=\"article:modified_time\" content=\"2025-01-22T16:55:16+00:00\" \/>\n<meta name=\"twitter:card\" content=\"summary_large_image\" \/>\n<meta name=\"twitter:label1\" content=\"Est. reading time\" \/>\n\t<meta name=\"twitter:data1\" content=\"1 minute\" \/>\n<script type=\"application\/ld+json\" class=\"yoast-schema-graph\">{\"@context\":\"https:\/\/schema.org\",\"@graph\":[{\"@type\":\"WebPage\",\"@id\":\"https:\/\/glowfarma.spotmarket.pt\/minha-conta\/criar-conta\",\"url\":\"https:\/\/glowfarma.spotmarket.pt\/minha-conta\/criar-conta\",\"name\":\"Criar Conta - Glowfarma\",\"isPartOf\":{\"@id\":\"https:\/\/glowfarma.spotmarket.pt\/#website\"},\"datePublished\":\"2025-01-22T16:11:19+00:00\",\"dateModified\":\"2025-01-22T16:55:16+00:00\",\"breadcrumb\":{\"@id\":\"https:\/\/glowfarma.spotmarket.pt\/minha-conta\/criar-conta#breadcrumb\"},\"inLanguage\":\"en-US\",\"potentialAction\":[{\"@type\":\"ReadAction\",\"target\":[\"https:\/\/glowfarma.spotmarket.pt\/minha-conta\/criar-conta\"]}]},{\"@type\":\"BreadcrumbList\",\"@id\":\"https:\/\/glowfarma.spotmarket.pt\/minha-conta\/criar-conta#breadcrumb\",\"itemListElement\":[{\"@type\":\"ListItem\",\"position\":1,\"name\":\"Home\",\"item\":\"https:\/\/glowfarma.spotmarket.pt\/\"},{\"@type\":\"ListItem\",\"position\":2,\"name\":\"Login\",\"item\":\"https:\/\/glowfarma.spotmarket.pt\/minha-conta\"},{\"@type\":\"ListItem\",\"position\":3,\"name\":\"Criar Conta\"}]},{\"@type\":\"WebSite\",\"@id\":\"https:\/\/glowfarma.spotmarket.pt\/#website\",\"url\":\"https:\/\/glowfarma.spotmarket.pt\/\",\"name\":\"Glowfarma\",\"description\":\"\",\"publisher\":{\"@id\":\"https:\/\/glowfarma.spotmarket.pt\/#organization\"},\"potentialAction\":[{\"@type\":\"SearchAction\",\"target\":{\"@type\":\"EntryPoint\",\"urlTemplate\":\"https:\/\/glowfarma.spotmarket.pt\/?s={search_term_string}\"},\"query-input\":{\"@type\":\"PropertyValueSpecification\",\"valueRequired\":true,\"valueName\":\"search_term_string\"}}],\"inLanguage\":\"en-US\"},{\"@type\":\"Organization\",\"@id\":\"https:\/\/glowfarma.spotmarket.pt\/#organization\",\"name\":\"Glowfarma\",\"url\":\"https:\/\/glowfarma.spotmarket.pt\/\",\"logo\":{\"@type\":\"ImageObject\",\"inLanguage\":\"en-US\",\"@id\":\"https:\/\/glowfarma.spotmarket.pt\/#\/schema\/logo\/image\/\",\"url\":\"https:\/\/glowfarma.spotmarket.pt\/wp-content\/uploads\/2025\/01\/Glowfarma_logo_cores-1.svg\",\"contentUrl\":\"https:\/\/glowfarma.spotmarket.pt\/wp-content\/uploads\/2025\/01\/Glowfarma_logo_cores-1.svg\",\"width\":286,\"height\":29,\"caption\":\"Glowfarma\"},\"image\":{\"@id\":\"https:\/\/glowfarma.spotmarket.pt\/#\/schema\/logo\/image\/\"}}]}<\/script>\n<!-- \/ Yoast SEO plugin. -->","yoast_head_json":{"title":"Criar Conta - Glowfarma","robots":{"index":"noindex","follow":"follow","max-snippet":"max-snippet:-1","max-image-preview":"max-image-preview:large","max-video-preview":"max-video-preview:-1"},"og_locale":"en_US","og_type":"article","og_title":"Criar Conta - Glowfarma","og_description":"Criar Conta","og_url":"https:\/\/glowfarma.spotmarket.pt\/minha-conta\/criar-conta","og_site_name":"Glowfarma","article_modified_time":"2025-01-22T16:55:16+00:00","twitter_card":"summary_large_image","twitter_misc":{"Est. reading time":"1 minute"},"schema":{"@context":"https:\/\/schema.org","@graph":[{"@type":"WebPage","@id":"https:\/\/glowfarma.spotmarket.pt\/minha-conta\/criar-conta","url":"https:\/\/glowfarma.spotmarket.pt\/minha-conta\/criar-conta","name":"Criar Conta - Glowfarma","isPartOf":{"@id":"https:\/\/glowfarma.spotmarket.pt\/#website"},"datePublished":"2025-01-22T16:11:19+00:00","dateModified":"2025-01-22T16:55:16+00:00","breadcrumb":{"@id":"https:\/\/glowfarma.spotmarket.pt\/minha-conta\/criar-conta#breadcrumb"},"inLanguage":"en-US","potentialAction":[{"@type":"ReadAction","target":["https:\/\/glowfarma.spotmarket.pt\/minha-conta\/criar-conta"]}]},{"@type":"BreadcrumbList","@id":"https:\/\/glowfarma.spotmarket.pt\/minha-conta\/criar-conta#breadcrumb","itemListElement":[{"@type":"ListItem","position":1,"name":"Home","item":"https:\/\/glowfarma.spotmarket.pt\/"},{"@type":"ListItem","position":2,"name":"Login","item":"https:\/\/glowfarma.spotmarket.pt\/minha-conta"},{"@type":"ListItem","position":3,"name":"Criar Conta"}]},{"@type":"WebSite","@id":"https:\/\/glowfarma.spotmarket.pt\/#website","url":"https:\/\/glowfarma.spotmarket.pt\/","name":"Glowfarma","description":"","publisher":{"@id":"https:\/\/glowfarma.spotmarket.pt\/#organization"},"potentialAction":[{"@type":"SearchAction","target":{"@type":"EntryPoint","urlTemplate":"https:\/\/glowfarma.spotmarket.pt\/?s={search_term_string}"},"query-input":{"@type":"PropertyValueSpecification","valueRequired":true,"valueName":"search_term_string"}}],"inLanguage":"en-US"},{"@type":"Organization","@id":"https:\/\/glowfarma.spotmarket.pt\/#organization","name":"Glowfarma","url":"https:\/\/glowfarma.spotmarket.pt\/","logo":{"@type":"ImageObject","inLanguage":"en-US","@id":"https:\/\/glowfarma.spotmarket.pt\/#\/schema\/logo\/image\/","url":"https:\/\/glowfarma.spotmarket.pt\/wp-content\/uploads\/2025\/01\/Glowfarma_logo_cores-1.svg","contentUrl":"https:\/\/glowfarma.spotmarket.pt\/wp-content\/uploads\/2025\/01\/Glowfarma_logo_cores-1.svg","width":286,"height":29,"caption":"Glowfarma"},"image":{"@id":"https:\/\/glowfarma.spotmarket.pt\/#\/schema\/logo\/image\/"}}]}},"_links":{"self":[{"href":"https:\/\/glowfarma.spotmarket.pt\/en\/wp-json\/wp\/v2\/pages\/894","targetHints":{"allow":["GET"]}}],"collection":[{"href":"https:\/\/glowfarma.spotmarket.pt\/en\/wp-json\/wp\/v2\/pages"}],"about":[{"href":"https:\/\/glowfarma.spotmarket.pt\/en\/wp-json\/wp\/v2\/types\/page"}],"author":[{"embeddable":true,"href":"https:\/\/glowfarma.spotmarket.pt\/en\/wp-json\/wp\/v2\/users\/1"}],"replies":[{"embeddable":true,"href":"https:\/\/glowfarma.spotmarket.pt\/en\/wp-json\/wp\/v2\/comments?post=894"}],"version-history":[{"count":19,"href":"https:\/\/glowfarma.spotmarket.pt\/en\/wp-json\/wp\/v2\/pages\/894\/revisions"}],"predecessor-version":[{"id":948,"href":"https:\/\/glowfarma.spotmarket.pt\/en\/wp-json\/wp\/v2\/pages\/894\/revisions\/948"}],"up":[{"embeddable":true,"href":"https:\/\/glowfarma.spotmarket.pt\/en\/wp-json\/wp\/v2\/pages\/17"}],"wp:attachment":[{"href":"https:\/\/glowfarma.spotmarket.pt\/en\/wp-json\/wp\/v2\/media?parent=894"}],"curies":[{"name":"wp","href":"https:\/\/api.w.org\/{rel}","templated":true}]}}