{"id":1042,"date":"2025-01-23T16:06:40","date_gmt":"2025-01-23T16:06:40","guid":{"rendered":"https:\/\/glowfarma.spotmarket.pt\/?page_id=1042"},"modified":"2025-02-04T11:04:01","modified_gmt":"2025-02-04T11:04:01","slug":"glow","status":"publish","type":"page","link":"https:\/\/glowfarma.spotmarket.pt\/en\/glow","title":{"rendered":"Glow +"},"content":{"rendered":"\t\t<div data-elementor-type=\"wp-page\" data-elementor-id=\"1042\" class=\"elementor elementor-1042\" data-elementor-post-type=\"page\">\n\t\t\t\t<div class=\"elementor-element elementor-element-b0e8245 e-flex e-con-boxed e-con e-parent\" data-id=\"b0e8245\" data-element_type=\"container\">\n\t\t\t\t\t<div class=\"e-con-inner\">\n\t\t\t\t<div class=\"elementor-element elementor-element-f23fe02 elementor-widget elementor-widget-breadcrumbs\" data-id=\"f23fe02\" data-element_type=\"widget\" data-widget_type=\"breadcrumbs.default\">\n\t\t\t\t<div class=\"elementor-widget-container\">\n\t\t\t\t\t<p id=\"breadcrumbs\"><span><span><a href=\"https:\/\/glowfarma.spotmarket.pt\/\">Home<\/a><\/span><\/span><\/p>\t\t\t\t<\/div>\n\t\t\t\t<\/div>\n\t\t\t\t\t<\/div>\n\t\t\t\t<\/div>\n\t\t<div class=\"elementor-element elementor-element-155426d slider-container e-flex e-con-boxed e-con e-parent\" data-id=\"155426d\" data-element_type=\"container\">\n\t\t\t\t\t<div class=\"e-con-inner\">\n\t\t\t\t<div class=\"elementor-element elementor-element-0abe432 elementor-widget-mobile__width-initial elementor-widget elementor-widget-heading\" data-id=\"0abe432\" data-element_type=\"widget\" data-widget_type=\"heading.default\">\n\t\t\t\t<div class=\"elementor-widget-container\">\n\t\t\t\t\t<h1 class=\"elementor-heading-title elementor-size-default\">GLOW PLUS<\/h1>\t\t\t\t<\/div>\n\t\t\t\t<\/div>\n\t\t\t\t\t<\/div>\n\t\t\t\t<\/div>\n\t\t<div class=\"elementor-element elementor-element-33337e7 e-flex e-con-boxed e-con e-parent\" data-id=\"33337e7\" data-element_type=\"container\">\n\t\t\t\t\t<div class=\"e-con-inner\">\n\t\t<div class=\"elementor-element elementor-element-928a7bb e-con-full e-flex e-con e-child\" data-id=\"928a7bb\" data-element_type=\"container\">\n\t\t\t\t<div class=\"elementor-element elementor-element-37a74e2 elementor-widget elementor-widget-image\" data-id=\"37a74e2\" data-element_type=\"widget\" data-widget_type=\"image.default\">\n\t\t\t\t<div class=\"elementor-widget-container\">\n\t\t\t\t\t\t\t\t\t\t\t\t\t\t\t<img fetchpriority=\"high\" decoding=\"async\" width=\"1000\" height=\"667\" src=\"https:\/\/glowfarma.spotmarket.pt\/wp-content\/uploads\/2025\/01\/2149051838.jpg\" class=\"attachment-full size-full wp-image-1045\" alt=\"\" srcset=\"https:\/\/glowfarma.spotmarket.pt\/wp-content\/uploads\/2025\/01\/2149051838.jpg 1000w, https:\/\/glowfarma.spotmarket.pt\/wp-content\/uploads\/2025\/01\/2149051838-300x200.jpg 300w, https:\/\/glowfarma.spotmarket.pt\/wp-content\/uploads\/2025\/01\/2149051838-768x512.jpg 768w, https:\/\/glowfarma.spotmarket.pt\/wp-content\/uploads\/2025\/01\/2149051838-600x400.jpg 600w\" sizes=\"(max-width: 1000px) 100vw, 1000px\" \/>\t\t\t\t\t\t\t\t\t\t\t\t\t\t\t<\/div>\n\t\t\t\t<\/div>\n\t\t\t\t<div class=\"elementor-element elementor-element-ce47f6c elementor-widget elementor-widget-heading\" data-id=\"ce47f6c\" data-element_type=\"widget\" data-widget_type=\"heading.default\">\n\t\t\t\t<div class=\"elementor-widget-container\">\n\t\t\t\t\t<div class=\"elementor-heading-title elementor-size-default\">Aconselhamento Online <\/div>\t\t\t\t<\/div>\n\t\t\t\t<\/div>\n\t\t\t\t<div class=\"elementor-element elementor-element-49d3ca8 elementor-widget elementor-widget-text-editor\" data-id=\"49d3ca8\" data-element_type=\"widget\" data-widget_type=\"text-editor.default\">\n\t\t\t\t<div class=\"elementor-widget-container\">\n\t\t\t\t\t\t\t\t\t<p>Precisa de orienta\u00e7\u00e3o ou ajuda? Contacte um dos nossos consultores especializados em beleza e sa\u00fade, a partir do conforto da sua casa.<\/p>\t\t\t\t\t\t\t\t<\/div>\n\t\t\t\t<\/div>\n\t\t\t\t<div class=\"elementor-element elementor-element-5c61c5e elementor-widget elementor-widget-button\" data-id=\"5c61c5e\" data-element_type=\"widget\" data-widget_type=\"button.default\">\n\t\t\t\t<div class=\"elementor-widget-container\">\n\t\t\t\t\t\t\t\t\t<div class=\"elementor-button-wrapper\">\n\t\t\t\t\t<a class=\"elementor-button elementor-button-link elementor-size-sm\" href=\"#\">\n\t\t\t\t\t\t<span class=\"elementor-button-content-wrapper\">\n\t\t\t\t\t\t\t\t\t<span class=\"elementor-button-text\">Contactar<\/span>\n\t\t\t\t\t<\/span>\n\t\t\t\t\t<\/a>\n\t\t\t\t<\/div>\n\t\t\t\t\t\t\t\t<\/div>\n\t\t\t\t<\/div>\n\t\t\t\t<\/div>\n\t\t<div class=\"elementor-element elementor-element-907c9ff e-con-full e-flex e-con e-child\" data-id=\"907c9ff\" data-element_type=\"container\">\n\t\t\t\t<div class=\"elementor-element elementor-element-18f4d74 elementor-widget elementor-widget-image\" data-id=\"18f4d74\" data-element_type=\"widget\" data-widget_type=\"image.default\">\n\t\t\t\t<div class=\"elementor-widget-container\">\n\t\t\t\t\t\t\t\t\t\t\t\t\t\t\t<img decoding=\"async\" width=\"1000\" height=\"750\" src=\"https:\/\/glowfarma.spotmarket.pt\/wp-content\/uploads\/2025\/01\/2148295500.jpg\" class=\"attachment-full size-full wp-image-1047\" alt=\"\" srcset=\"https:\/\/glowfarma.spotmarket.pt\/wp-content\/uploads\/2025\/01\/2148295500.jpg 1000w, https:\/\/glowfarma.spotmarket.pt\/wp-content\/uploads\/2025\/01\/2148295500-300x225.jpg 300w, https:\/\/glowfarma.spotmarket.pt\/wp-content\/uploads\/2025\/01\/2148295500-768x576.jpg 768w, https:\/\/glowfarma.spotmarket.pt\/wp-content\/uploads\/2025\/01\/2148295500-600x450.jpg 600w\" sizes=\"(max-width: 1000px) 100vw, 1000px\" \/>\t\t\t\t\t\t\t\t\t\t\t\t\t\t\t<\/div>\n\t\t\t\t<\/div>\n\t\t\t\t<div class=\"elementor-element elementor-element-079f231 elementor-widget elementor-widget-heading\" data-id=\"079f231\" data-element_type=\"widget\" data-widget_type=\"heading.default\">\n\t\t\t\t<div class=\"elementor-widget-container\">\n\t\t\t\t\t<div class=\"elementor-heading-title elementor-size-default\">Gloss\u00e1rio<\/div>\t\t\t\t<\/div>\n\t\t\t\t<\/div>\n\t\t\t\t<div class=\"elementor-element elementor-element-f7aa95d elementor-widget elementor-widget-text-editor\" data-id=\"f7aa95d\" data-element_type=\"widget\" data-widget_type=\"text-editor.default\">\n\t\t\t\t<div class=\"elementor-widget-container\">\n\t\t\t\t\t\t\t\t\t<p>Com mais de 100 termos e ingredientes, esta ser\u00e1 sua p\u00e1gina favorita sempre que precisar de descobrir novos ingredientes.<\/p>\t\t\t\t\t\t\t\t<\/div>\n\t\t\t\t<\/div>\n\t\t\t\t<div class=\"elementor-element elementor-element-212a27a elementor-widget elementor-widget-button\" data-id=\"212a27a\" data-element_type=\"widget\" data-widget_type=\"button.default\">\n\t\t\t\t<div class=\"elementor-widget-container\">\n\t\t\t\t\t\t\t\t\t<div class=\"elementor-button-wrapper\">\n\t\t\t\t\t<a class=\"elementor-button elementor-button-link elementor-size-sm\" href=\"#\">\n\t\t\t\t\t\t<span class=\"elementor-button-content-wrapper\">\n\t\t\t\t\t\t\t\t\t<span class=\"elementor-button-text\">Saiba Mais<\/span>\n\t\t\t\t\t<\/span>\n\t\t\t\t\t<\/a>\n\t\t\t\t<\/div>\n\t\t\t\t\t\t\t\t<\/div>\n\t\t\t\t<\/div>\n\t\t\t\t<\/div>\n\t\t<div class=\"elementor-element elementor-element-6e1e664 e-con-full e-flex e-con e-child\" data-id=\"6e1e664\" data-element_type=\"container\">\n\t\t\t\t<div class=\"elementor-element elementor-element-992f859 elementor-widget elementor-widget-image\" data-id=\"992f859\" data-element_type=\"widget\" data-widget_type=\"image.default\">\n\t\t\t\t<div class=\"elementor-widget-container\">\n\t\t\t\t\t\t\t\t\t\t\t\t\t\t\t<img decoding=\"async\" width=\"667\" height=\"1000\" src=\"https:\/\/glowfarma.spotmarket.pt\/wp-content\/uploads\/2025\/01\/2150994382.jpg\" class=\"attachment-full size-full wp-image-1049\" alt=\"\" srcset=\"https:\/\/glowfarma.spotmarket.pt\/wp-content\/uploads\/2025\/01\/2150994382.jpg 667w, https:\/\/glowfarma.spotmarket.pt\/wp-content\/uploads\/2025\/01\/2150994382-200x300.jpg 200w, https:\/\/glowfarma.spotmarket.pt\/wp-content\/uploads\/2025\/01\/2150994382-600x900.jpg 600w\" sizes=\"(max-width: 667px) 100vw, 667px\" \/>\t\t\t\t\t\t\t\t\t\t\t\t\t\t\t<\/div>\n\t\t\t\t<\/div>\n\t\t\t\t<div class=\"elementor-element elementor-element-94cec0c elementor-widget elementor-widget-heading\" data-id=\"94cec0c\" data-element_type=\"widget\" data-widget_type=\"heading.default\">\n\t\t\t\t<div class=\"elementor-widget-container\">\n\t\t\t\t\t<div class=\"elementor-heading-title elementor-size-default\">Glowmag<\/div>\t\t\t\t<\/div>\n\t\t\t\t<\/div>\n\t\t\t\t<div class=\"elementor-element elementor-element-813b351 elementor-widget elementor-widget-text-editor\" data-id=\"813b351\" data-element_type=\"widget\" data-widget_type=\"text-editor.default\">\n\t\t\t\t<div class=\"elementor-widget-container\">\n\t\t\t\t\t\t\t\t\t<p>Entre no mundo da informa\u00e7\u00e3o e inspira\u00e7\u00e3o da nossa revista digital! Fique a par das novidades e recomenda\u00e7\u00f5es em beleza e sa\u00fade.<\/p>\t\t\t\t\t\t\t\t<\/div>\n\t\t\t\t<\/div>\n\t\t\t\t<div class=\"elementor-element elementor-element-4236f6a elementor-widget elementor-widget-button\" data-id=\"4236f6a\" data-element_type=\"widget\" data-widget_type=\"button.default\">\n\t\t\t\t<div class=\"elementor-widget-container\">\n\t\t\t\t\t\t\t\t\t<div class=\"elementor-button-wrapper\">\n\t\t\t\t\t<a class=\"elementor-button elementor-button-link elementor-size-sm\" href=\"\/glowmag\">\n\t\t\t\t\t\t<span class=\"elementor-button-content-wrapper\">\n\t\t\t\t\t\t\t\t\t<span class=\"elementor-button-text\">Ler Agora<\/span>\n\t\t\t\t\t<\/span>\n\t\t\t\t\t<\/a>\n\t\t\t\t<\/div>\n\t\t\t\t\t\t\t\t<\/div>\n\t\t\t\t<\/div>\n\t\t\t\t<\/div>\n\t\t<div class=\"elementor-element elementor-element-f72f7db e-con-full e-flex e-con e-child\" data-id=\"f72f7db\" data-element_type=\"container\">\n\t\t\t\t<div class=\"elementor-element elementor-element-bcdb697 elementor-widget elementor-widget-image\" data-id=\"bcdb697\" data-element_type=\"widget\" data-widget_type=\"image.default\">\n\t\t\t\t<div class=\"elementor-widget-container\">\n\t\t\t\t\t\t\t\t\t\t\t\t\t\t\t<img loading=\"lazy\" decoding=\"async\" width=\"1000\" height=\"667\" src=\"https:\/\/glowfarma.spotmarket.pt\/wp-content\/uploads\/2025\/01\/2149198375.jpg\" class=\"attachment-full size-full wp-image-1051\" alt=\"\" srcset=\"https:\/\/glowfarma.spotmarket.pt\/wp-content\/uploads\/2025\/01\/2149198375.jpg 1000w, https:\/\/glowfarma.spotmarket.pt\/wp-content\/uploads\/2025\/01\/2149198375-300x200.jpg 300w, https:\/\/glowfarma.spotmarket.pt\/wp-content\/uploads\/2025\/01\/2149198375-768x512.jpg 768w, https:\/\/glowfarma.spotmarket.pt\/wp-content\/uploads\/2025\/01\/2149198375-600x400.jpg 600w\" sizes=\"(max-width: 1000px) 100vw, 1000px\" \/>\t\t\t\t\t\t\t\t\t\t\t\t\t\t\t<\/div>\n\t\t\t\t<\/div>\n\t\t\t\t<div class=\"elementor-element elementor-element-18a836a elementor-widget elementor-widget-heading\" data-id=\"18a836a\" data-element_type=\"widget\" data-widget_type=\"heading.default\">\n\t\t\t\t<div class=\"elementor-widget-container\">\n\t\t\t\t\t<div class=\"elementor-heading-title elementor-size-default\">Glowcast<\/div>\t\t\t\t<\/div>\n\t\t\t\t<\/div>\n\t\t\t\t<div class=\"elementor-element elementor-element-bb20403 elementor-widget elementor-widget-text-editor\" data-id=\"bb20403\" data-element_type=\"widget\" data-widget_type=\"text-editor.default\">\n\t\t\t\t<div class=\"elementor-widget-container\">\n\t\t\t\t\t\t\t\t\t<p>Em conversas descontra\u00eddas e descomplicadas com convidados inspiradores e especialistas de v\u00e1rias \u00e1reas. Conhe\u00e7a as \u00faltimas tend\u00eancias.<\/p>\t\t\t\t\t\t\t\t<\/div>\n\t\t\t\t<\/div>\n\t\t\t\t<div class=\"elementor-element elementor-element-728439a elementor-widget elementor-widget-button\" data-id=\"728439a\" data-element_type=\"widget\" data-widget_type=\"button.default\">\n\t\t\t\t<div class=\"elementor-widget-container\">\n\t\t\t\t\t\t\t\t\t<div class=\"elementor-button-wrapper\">\n\t\t\t\t\t<a class=\"elementor-button elementor-button-link elementor-size-sm\" href=\"#\">\n\t\t\t\t\t\t<span class=\"elementor-button-content-wrapper\">\n\t\t\t\t\t\t\t\t\t<span class=\"elementor-button-text\">Ou\u00e7a Agora<\/span>\n\t\t\t\t\t<\/span>\n\t\t\t\t\t<\/a>\n\t\t\t\t<\/div>\n\t\t\t\t\t\t\t\t<\/div>\n\t\t\t\t<\/div>\n\t\t\t\t<\/div>\n\t\t\t\t\t<\/div>\n\t\t\t\t<\/div>\n\t\t\t\t<\/div>\n\t\t","protected":false},"excerpt":{"rendered":"<p>GLOW PLUS Aconselhamento Online Precisa de orienta\u00e7\u00e3o ou ajuda? Contacte um dos nossos consultores especializados em beleza e sa\u00fade, a partir do conforto da sua casa. Contactar Gloss\u00e1rio Com mais de 100 termos e ingredientes, esta ser\u00e1 sua p\u00e1gina favorita sempre que precisar de descobrir novos ingredientes. Saiba Mais Glowmag Entre no mundo da informa\u00e7\u00e3o [&hellip;]<\/p>\n","protected":false},"author":1,"featured_media":0,"parent":0,"menu_order":0,"comment_status":"closed","ping_status":"closed","template":"","meta":{"_acf_changed":false,"inline_featured_image":false,"footnotes":""},"class_list":["post-1042","page","type-page","status-publish","hentry"],"acf":[],"yoast_head":"<!-- This site is optimized with the Yoast SEO plugin v24.2 - https:\/\/yoast.com\/wordpress\/plugins\/seo\/ -->\n<title>Glow + - Glowfarma<\/title>\n<meta name=\"robots\" content=\"noindex, follow, max-snippet:-1, max-image-preview:large, max-video-preview:-1\" \/>\n<meta property=\"og:locale\" content=\"en_US\" \/>\n<meta property=\"og:type\" content=\"article\" \/>\n<meta property=\"og:title\" content=\"Glow + - Glowfarma\" \/>\n<meta property=\"og:description\" content=\"GLOW PLUS Aconselhamento Online Precisa de orienta\u00e7\u00e3o ou ajuda? Contacte um dos nossos consultores especializados em beleza e sa\u00fade, a partir do conforto da sua casa. Contactar Gloss\u00e1rio Com mais de 100 termos e ingredientes, esta ser\u00e1 sua p\u00e1gina favorita sempre que precisar de descobrir novos ingredientes. Saiba Mais Glowmag Entre no mundo da informa\u00e7\u00e3o [&hellip;]\" \/>\n<meta property=\"og:url\" content=\"https:\/\/glowfarma.spotmarket.pt\/glow\" \/>\n<meta property=\"og:site_name\" content=\"Glowfarma\" \/>\n<meta property=\"article:modified_time\" content=\"2025-02-04T11:04:01+00:00\" \/>\n<meta property=\"og:image\" content=\"https:\/\/glowfarma.spotmarket.pt\/wp-content\/uploads\/2025\/01\/2149051838.jpg\" \/>\n\t<meta property=\"og:image:width\" content=\"1000\" \/>\n\t<meta property=\"og:image:height\" content=\"667\" \/>\n\t<meta property=\"og:image:type\" content=\"image\/jpeg\" \/>\n<meta name=\"twitter:card\" content=\"summary_large_image\" \/>\n<meta name=\"twitter:label1\" content=\"Est. reading time\" \/>\n\t<meta name=\"twitter:data1\" content=\"2 minutes\" \/>\n<script type=\"application\/ld+json\" class=\"yoast-schema-graph\">{\"@context\":\"https:\/\/schema.org\",\"@graph\":[{\"@type\":\"WebPage\",\"@id\":\"https:\/\/glowfarma.spotmarket.pt\/glow\",\"url\":\"https:\/\/glowfarma.spotmarket.pt\/glow\",\"name\":\"Glow + - Glowfarma\",\"isPartOf\":{\"@id\":\"https:\/\/glowfarma.spotmarket.pt\/#website\"},\"primaryImageOfPage\":{\"@id\":\"https:\/\/glowfarma.spotmarket.pt\/glow#primaryimage\"},\"image\":{\"@id\":\"https:\/\/glowfarma.spotmarket.pt\/glow#primaryimage\"},\"thumbnailUrl\":\"https:\/\/glowfarma.spotmarket.pt\/wp-content\/uploads\/2025\/01\/2149051838.jpg\",\"datePublished\":\"2025-01-23T16:06:40+00:00\",\"dateModified\":\"2025-02-04T11:04:01+00:00\",\"breadcrumb\":{\"@id\":\"https:\/\/glowfarma.spotmarket.pt\/glow#breadcrumb\"},\"inLanguage\":\"en-US\",\"potentialAction\":[{\"@type\":\"ReadAction\",\"target\":[\"https:\/\/glowfarma.spotmarket.pt\/glow\"]}]},{\"@type\":\"ImageObject\",\"inLanguage\":\"en-US\",\"@id\":\"https:\/\/glowfarma.spotmarket.pt\/glow#primaryimage\",\"url\":\"https:\/\/glowfarma.spotmarket.pt\/wp-content\/uploads\/2025\/01\/2149051838.jpg\",\"contentUrl\":\"https:\/\/glowfarma.spotmarket.pt\/wp-content\/uploads\/2025\/01\/2149051838.jpg\"},{\"@type\":\"BreadcrumbList\",\"@id\":\"https:\/\/glowfarma.spotmarket.pt\/glow#breadcrumb\",\"itemListElement\":[{\"@type\":\"ListItem\",\"position\":1,\"name\":\"Home\",\"item\":\"https:\/\/glowfarma.spotmarket.pt\/\"},{\"@type\":\"ListItem\",\"position\":2,\"name\":\"Glow +\"}]},{\"@type\":\"WebSite\",\"@id\":\"https:\/\/glowfarma.spotmarket.pt\/#website\",\"url\":\"https:\/\/glowfarma.spotmarket.pt\/\",\"name\":\"Glowfarma\",\"description\":\"\",\"publisher\":{\"@id\":\"https:\/\/glowfarma.spotmarket.pt\/#organization\"},\"potentialAction\":[{\"@type\":\"SearchAction\",\"target\":{\"@type\":\"EntryPoint\",\"urlTemplate\":\"https:\/\/glowfarma.spotmarket.pt\/?s={search_term_string}\"},\"query-input\":{\"@type\":\"PropertyValueSpecification\",\"valueRequired\":true,\"valueName\":\"search_term_string\"}}],\"inLanguage\":\"en-US\"},{\"@type\":\"Organization\",\"@id\":\"https:\/\/glowfarma.spotmarket.pt\/#organization\",\"name\":\"Glowfarma\",\"url\":\"https:\/\/glowfarma.spotmarket.pt\/\",\"logo\":{\"@type\":\"ImageObject\",\"inLanguage\":\"en-US\",\"@id\":\"https:\/\/glowfarma.spotmarket.pt\/#\/schema\/logo\/image\/\",\"url\":\"https:\/\/glowfarma.spotmarket.pt\/wp-content\/uploads\/2025\/01\/Glowfarma_logo_cores-1.svg\",\"contentUrl\":\"https:\/\/glowfarma.spotmarket.pt\/wp-content\/uploads\/2025\/01\/Glowfarma_logo_cores-1.svg\",\"width\":286,\"height\":29,\"caption\":\"Glowfarma\"},\"image\":{\"@id\":\"https:\/\/glowfarma.spotmarket.pt\/#\/schema\/logo\/image\/\"}}]}<\/script>\n<!-- \/ Yoast SEO plugin. -->","yoast_head_json":{"title":"Glow + - Glowfarma","robots":{"index":"noindex","follow":"follow","max-snippet":"max-snippet:-1","max-image-preview":"max-image-preview:large","max-video-preview":"max-video-preview:-1"},"og_locale":"en_US","og_type":"article","og_title":"Glow + - Glowfarma","og_description":"GLOW PLUS Aconselhamento Online Precisa de orienta\u00e7\u00e3o ou ajuda? Contacte um dos nossos consultores especializados em beleza e sa\u00fade, a partir do conforto da sua casa. Contactar Gloss\u00e1rio Com mais de 100 termos e ingredientes, esta ser\u00e1 sua p\u00e1gina favorita sempre que precisar de descobrir novos ingredientes. Saiba Mais Glowmag Entre no mundo da informa\u00e7\u00e3o [&hellip;]","og_url":"https:\/\/glowfarma.spotmarket.pt\/glow","og_site_name":"Glowfarma","article_modified_time":"2025-02-04T11:04:01+00:00","og_image":[{"width":1000,"height":667,"url":"https:\/\/glowfarma.spotmarket.pt\/wp-content\/uploads\/2025\/01\/2149051838.jpg","type":"image\/jpeg"}],"twitter_card":"summary_large_image","twitter_misc":{"Est. reading time":"2 minutes"},"schema":{"@context":"https:\/\/schema.org","@graph":[{"@type":"WebPage","@id":"https:\/\/glowfarma.spotmarket.pt\/glow","url":"https:\/\/glowfarma.spotmarket.pt\/glow","name":"Glow + - Glowfarma","isPartOf":{"@id":"https:\/\/glowfarma.spotmarket.pt\/#website"},"primaryImageOfPage":{"@id":"https:\/\/glowfarma.spotmarket.pt\/glow#primaryimage"},"image":{"@id":"https:\/\/glowfarma.spotmarket.pt\/glow#primaryimage"},"thumbnailUrl":"https:\/\/glowfarma.spotmarket.pt\/wp-content\/uploads\/2025\/01\/2149051838.jpg","datePublished":"2025-01-23T16:06:40+00:00","dateModified":"2025-02-04T11:04:01+00:00","breadcrumb":{"@id":"https:\/\/glowfarma.spotmarket.pt\/glow#breadcrumb"},"inLanguage":"en-US","potentialAction":[{"@type":"ReadAction","target":["https:\/\/glowfarma.spotmarket.pt\/glow"]}]},{"@type":"ImageObject","inLanguage":"en-US","@id":"https:\/\/glowfarma.spotmarket.pt\/glow#primaryimage","url":"https:\/\/glowfarma.spotmarket.pt\/wp-content\/uploads\/2025\/01\/2149051838.jpg","contentUrl":"https:\/\/glowfarma.spotmarket.pt\/wp-content\/uploads\/2025\/01\/2149051838.jpg"},{"@type":"BreadcrumbList","@id":"https:\/\/glowfarma.spotmarket.pt\/glow#breadcrumb","itemListElement":[{"@type":"ListItem","position":1,"name":"Home","item":"https:\/\/glowfarma.spotmarket.pt\/"},{"@type":"ListItem","position":2,"name":"Glow +"}]},{"@type":"WebSite","@id":"https:\/\/glowfarma.spotmarket.pt\/#website","url":"https:\/\/glowfarma.spotmarket.pt\/","name":"Glowfarma","description":"","publisher":{"@id":"https:\/\/glowfarma.spotmarket.pt\/#organization"},"potentialAction":[{"@type":"SearchAction","target":{"@type":"EntryPoint","urlTemplate":"https:\/\/glowfarma.spotmarket.pt\/?s={search_term_string}"},"query-input":{"@type":"PropertyValueSpecification","valueRequired":true,"valueName":"search_term_string"}}],"inLanguage":"en-US"},{"@type":"Organization","@id":"https:\/\/glowfarma.spotmarket.pt\/#organization","name":"Glowfarma","url":"https:\/\/glowfarma.spotmarket.pt\/","logo":{"@type":"ImageObject","inLanguage":"en-US","@id":"https:\/\/glowfarma.spotmarket.pt\/#\/schema\/logo\/image\/","url":"https:\/\/glowfarma.spotmarket.pt\/wp-content\/uploads\/2025\/01\/Glowfarma_logo_cores-1.svg","contentUrl":"https:\/\/glowfarma.spotmarket.pt\/wp-content\/uploads\/2025\/01\/Glowfarma_logo_cores-1.svg","width":286,"height":29,"caption":"Glowfarma"},"image":{"@id":"https:\/\/glowfarma.spotmarket.pt\/#\/schema\/logo\/image\/"}}]}},"_links":{"self":[{"href":"https:\/\/glowfarma.spotmarket.pt\/en\/wp-json\/wp\/v2\/pages\/1042","targetHints":{"allow":["GET"]}}],"collection":[{"href":"https:\/\/glowfarma.spotmarket.pt\/en\/wp-json\/wp\/v2\/pages"}],"about":[{"href":"https:\/\/glowfarma.spotmarket.pt\/en\/wp-json\/wp\/v2\/types\/page"}],"author":[{"embeddable":true,"href":"https:\/\/glowfarma.spotmarket.pt\/en\/wp-json\/wp\/v2\/users\/1"}],"replies":[{"embeddable":true,"href":"https:\/\/glowfarma.spotmarket.pt\/en\/wp-json\/wp\/v2\/comments?post=1042"}],"version-history":[{"count":7,"href":"https:\/\/glowfarma.spotmarket.pt\/en\/wp-json\/wp\/v2\/pages\/1042\/revisions"}],"predecessor-version":[{"id":1279,"href":"https:\/\/glowfarma.spotmarket.pt\/en\/wp-json\/wp\/v2\/pages\/1042\/revisions\/1279"}],"wp:attachment":[{"href":"https:\/\/glowfarma.spotmarket.pt\/en\/wp-json\/wp\/v2\/media?parent=1042"}],"curies":[{"name":"wp","href":"https:\/\/api.w.org\/{rel}","templated":true}]}}